{"id":308,"date":"2020-01-13T11:17:52","date_gmt":"2020-01-13T11:17:52","guid":{"rendered":"https:\/\/demosites.io\/web-agency-gb\/?page_id=5"},"modified":"2023-06-21T12:16:41","modified_gmt":"2023-06-21T12:16:41","slug":"15c42-web-agency-gb-home","status":"publish","type":"page","link":"https:\/\/www.radexbrusirna.cz\/","title":{"rendered":"Dom\u016f"},"content":{"rendered":"\n<div class=\"wp-block-cover alignfull is-light\" style=\"min-height:472px;aspect-ratio:unset;\"><span aria-hidden=\"true\" class=\"wp-block-cover__background has-background-dim-0 has-background-dim\"><\/span><img loading=\"lazy\" decoding=\"async\" width=\"2560\" height=\"1707\" class=\"wp-block-cover__image-background wp-image-437\" alt=\"\" src=\"https:\/\/www.radexbrusirna.cz\/wp-content\/uploads\/2023\/06\/ventily-scaled.jpg\" style=\"object-position:50% 25%\" data-object-fit=\"cover\" data-object-position=\"50% 25%\" srcset=\"https:\/\/www.radexbrusirna.cz\/wp-content\/uploads\/2023\/06\/ventily-scaled.jpg 2560w, https:\/\/www.radexbrusirna.cz\/wp-content\/uploads\/2023\/06\/ventily-300x200.jpg 300w, https:\/\/www.radexbrusirna.cz\/wp-content\/uploads\/2023\/06\/ventily-1024x683.jpg 1024w, https:\/\/www.radexbrusirna.cz\/wp-content\/uploads\/2023\/06\/ventily-768x512.jpg 768w, https:\/\/www.radexbrusirna.cz\/wp-content\/uploads\/2023\/06\/ventily-1536x1024.jpg 1536w, https:\/\/www.radexbrusirna.cz\/wp-content\/uploads\/2023\/06\/ventily-2048x1365.jpg 2048w, https:\/\/www.radexbrusirna.cz\/wp-content\/uploads\/2023\/06\/ventily-930x620.jpg 930w\" sizes=\"auto, (max-width: 2560px) 100vw, 2560px\" \/><div class=\"wp-block-cover__inner-container is-layout-flow wp-block-cover-is-layout-flow\">\n<div style=\"height:80px\" aria-hidden=\"true\" class=\"wp-block-spacer\"><\/div>\n\n\n\n<h1 class=\"wp-block-heading has-text-align-center has-text-color\" style=\"color:#121212\">Radex, dru\u017estvo<\/h1>\n\n\n\n<p class=\"has-text-align-center has-text-color\" style=\"color:#121212;font-size:24px\">V\u00e1\u0161 specialista na automobilov\u00e9 motory<\/p>\n\n\n\n<div style=\"height:80px\" aria-hidden=\"true\" class=\"wp-block-spacer\"><\/div>\n\n\n\n<div style=\"height:80px\" aria-hidden=\"true\" class=\"wp-block-spacer\"><\/div>\n<\/div><\/div>\n\n\n\n<div style=\"height:80px\" aria-hidden=\"true\" class=\"wp-block-spacer\"><\/div>\n\n\n\n<div class=\"wp-block-columns is-layout-flex wp-container-core-columns-is-layout-9d6595d7 wp-block-columns-is-layout-flex\">\n<div class=\"wp-block-column is-layout-flow wp-block-column-is-layout-flow\"><div class=\"wp-block-image icon-style is-style-rounded\">\n<figure class=\"aligncenter size-large\"><img decoding=\"async\" src=\"https:\/\/www.radexbrusirna.cz\/wp-content\/uploads\/2020\/01\/neve-webdesign-GB-03.png\" alt=\"\" class=\"wp-image-20\" title=\"\"\/><\/figure>\n<\/div>\n\n\n<h3 class=\"wp-block-heading has-text-align-center has-neve-text-color-color has-text-color\">Rozum\u00edme v\u00e1m<\/h3>\n\n\n\n<p class=\"has-text-align-center\">Spln\u011bn\u00ed po\u017eadavk\u016f z\u00e1kazn\u00edka je pro n\u00e1s prioritou.<\/p>\n\n\n\n<div style=\"height:20px\" aria-hidden=\"true\" class=\"wp-block-spacer\"><\/div>\n<\/div>\n\n\n\n<div class=\"wp-block-column is-layout-flow wp-block-column-is-layout-flow\"><div class=\"wp-block-image icon-style is-style-rounded\">\n<figure class=\"aligncenter size-large\"><img decoding=\"async\" src=\"https:\/\/www.radexbrusirna.cz\/wp-content\/uploads\/2020\/01\/neve-webdesign-GB-04.png\" alt=\"\" class=\"wp-image-21\"\/><\/figure>\n<\/div>\n\n\n<h3 class=\"wp-block-heading has-text-align-center has-neve-text-color-color has-text-color\">30 let praxe<\/h3>\n\n\n\n<p class=\"has-text-align-center\">V\u00e1\u0161 motor je u n\u00e1s ve spr\u00e1vn\u00fdch rukou.<\/p>\n\n\n\n<div style=\"height:20px\" aria-hidden=\"true\" class=\"wp-block-spacer\"><\/div>\n<\/div>\n\n\n\n<div class=\"wp-block-column is-layout-flow wp-block-column-is-layout-flow\"><div class=\"wp-block-image icon-style is-style-rounded\">\n<figure class=\"aligncenter size-large\"><img decoding=\"async\" src=\"https:\/\/www.radexbrusirna.cz\/wp-content\/uploads\/2020\/01\/neve-webdesign-GB-01.png\" alt=\"\" class=\"wp-image-18\"\/><\/figure>\n<\/div>\n\n\n<h3 class=\"wp-block-heading has-text-align-center has-neve-text-color-color has-text-color\">Motory v\u0161ech druh\u016f<\/h3>\n\n\n\n<p class=\"has-text-align-center\">Zvl\u00e1dneme v\u0161echny motory od motorek a\u017e po n\u00e1kladn\u00ed auta.<\/p>\n\n\n\n<div style=\"height:20px\" aria-hidden=\"true\" class=\"wp-block-spacer\"><\/div>\n<\/div>\n<\/div>\n\n\n\n<div style=\"height:80px\" aria-hidden=\"true\" class=\"wp-block-spacer\"><\/div>\n\n\n\n<div class=\"wp-block-cover alignfull\" style=\"min-height:600px;aspect-ratio:unset;\"><span aria-hidden=\"true\" class=\"wp-block-cover__background has-nv-light-bg-background-color has-background-dim-100 has-background-dim\"><\/span><div class=\"wp-block-cover__inner-container is-layout-flow wp-block-cover-is-layout-flow\">\n<div class=\"wp-block-group\"><div class=\"wp-block-group__inner-container is-layout-flow wp-block-group-is-layout-flow\">\n<div class=\"wp-block-columns are-vertically-aligned-center is-layout-flex wp-container-core-columns-is-layout-9d6595d7 wp-block-columns-is-layout-flex\">\n<div class=\"wp-block-column is-vertically-aligned-center is-layout-flow wp-block-column-is-layout-flow\" style=\"flex-basis:50%\">\n<div style=\"height:25px\" aria-hidden=\"true\" class=\"wp-block-spacer\"><\/div>\n\n\n\n<figure class=\"wp-block-image size-large is-resized\"><img loading=\"lazy\" decoding=\"async\" src=\"https:\/\/www.radexbrusirna.cz\/wp-content\/uploads\/2023\/06\/blok-motoru-683x1024.jpg\" alt=\"\" class=\"wp-image-445\" width=\"512\" height=\"768\" srcset=\"https:\/\/www.radexbrusirna.cz\/wp-content\/uploads\/2023\/06\/blok-motoru-683x1024.jpg 683w, https:\/\/www.radexbrusirna.cz\/wp-content\/uploads\/2023\/06\/blok-motoru-200x300.jpg 200w, https:\/\/www.radexbrusirna.cz\/wp-content\/uploads\/2023\/06\/blok-motoru-768x1152.jpg 768w, https:\/\/www.radexbrusirna.cz\/wp-content\/uploads\/2023\/06\/blok-motoru-1024x1536.jpg 1024w, https:\/\/www.radexbrusirna.cz\/wp-content\/uploads\/2023\/06\/blok-motoru-1365x2048.jpg 1365w, https:\/\/www.radexbrusirna.cz\/wp-content\/uploads\/2023\/06\/blok-motoru-scaled.jpg 1707w\" sizes=\"auto, (max-width: 512px) 100vw, 512px\" \/><\/figure>\n<\/div>\n\n\n\n<div class=\"wp-block-column is-vertically-aligned-center is-layout-flow wp-block-column-is-layout-flow\" style=\"flex-basis:50%\">\n<div style=\"height:20px\" aria-hidden=\"true\" class=\"wp-block-spacer\"><\/div>\n\n\n\n<h2 class=\"wp-block-heading has-text-align-left has-neve-text-color-color has-text-color\">Motory v\u0161ech druh\u016f<\/h2>\n\n\n\n<p class=\"has-text-align-left has-neve-text-color-color has-text-color\" style=\"font-size:17px\">Prov\u00e1d\u00edme gener\u00e1ln\u00ed opravy motor\u016f, v\u010detn\u011b oprav motor\u016f veter\u00e1n\u016f. D\u00e1le tak\u00e9 v\u00fdbrusy v\u00e1lc\u016f v\u0161ech typ\u016f motor\u016f, brou\u0161en\u00ed klikov\u00fdch h\u0159\u00eddel\u00ed, vyl\u00e9v\u00e1n\u00ed lo\u017eisek kompozic\u00ed, v\u00fdrobu p\u00edst\u016f, vlo\u017ekov\u00e1n\u00ed v\u00e1lc\u016f, opravy hlav motor\u016f i horizont\u00e1ln\u00ed obr\u00e1b\u011bn\u00ed ulo\u017een\u00ed h\u0159\u00eddel\u00ed.<\/p>\n<\/div>\n<\/div>\n<\/div><\/div>\n<\/div><\/div>\n\n\n\n<div class=\"wp-block-cover alignfull\" style=\"min-height:600px;aspect-ratio:unset;\"><span aria-hidden=\"true\" class=\"wp-block-cover__background has-nv-site-bg-background-color has-background-dim-100 has-background-dim\"><\/span><div class=\"wp-block-cover__inner-container is-layout-flow wp-block-cover-is-layout-flow\">\n<div class=\"wp-block-group\"><div class=\"wp-block-group__inner-container is-layout-flow wp-block-group-is-layout-flow\">\n<div class=\"wp-block-columns are-vertically-aligned-center is-layout-flex wp-container-core-columns-is-layout-9d6595d7 wp-block-columns-is-layout-flex\">\n<div class=\"wp-block-column is-vertically-aligned-center is-layout-flow wp-block-column-is-layout-flow\" style=\"flex-basis:50%\">\n<h2 class=\"wp-block-heading has-text-align-left has-neve-text-color-color has-text-color\">V rukou profesion\u00e1l\u016f<\/h2>\n\n\n\n<p class=\"has-text-align-left has-neve-text-color-color has-text-color\" style=\"font-size:17px\">30 let zku\u0161enost\u00ed z oboru, to mluv\u00ed samo o sob\u011b. Disponujeme vlastn\u00edm know-how a neust\u00e1le se vzd\u011bl\u00e1v\u00e1me, aby \u017e\u00e1dn\u00fd nov\u00fd postup neunikl.<\/p>\n\n\n\n<div style=\"height:40px\" aria-hidden=\"true\" class=\"wp-block-spacer\"><\/div>\n<\/div>\n\n\n\n<div class=\"wp-block-column is-vertically-aligned-center is-layout-flow wp-block-column-is-layout-flow\" style=\"flex-basis:50%\">\n<figure class=\"wp-block-image size-large\"><img loading=\"lazy\" decoding=\"async\" width=\"1024\" height=\"683\" src=\"https:\/\/www.radexbrusirna.cz\/wp-content\/uploads\/2023\/06\/klikova-hridel-1024x683.jpg\" alt=\"\" class=\"wp-image-444\" srcset=\"https:\/\/www.radexbrusirna.cz\/wp-content\/uploads\/2023\/06\/klikova-hridel-1024x683.jpg 1024w, https:\/\/www.radexbrusirna.cz\/wp-content\/uploads\/2023\/06\/klikova-hridel-300x200.jpg 300w, https:\/\/www.radexbrusirna.cz\/wp-content\/uploads\/2023\/06\/klikova-hridel-768x512.jpg 768w, https:\/\/www.radexbrusirna.cz\/wp-content\/uploads\/2023\/06\/klikova-hridel-1536x1024.jpg 1536w, https:\/\/www.radexbrusirna.cz\/wp-content\/uploads\/2023\/06\/klikova-hridel-2048x1365.jpg 2048w, https:\/\/www.radexbrusirna.cz\/wp-content\/uploads\/2023\/06\/klikova-hridel-930x620.jpg 930w\" sizes=\"auto, (max-width: 1024px) 100vw, 1024px\" \/><\/figure>\n<\/div>\n<\/div>\n<\/div><\/div>\n<\/div><\/div>\n\n\n\n<div class=\"wp-block-cover alignfull\" style=\"min-height:300px;aspect-ratio:unset;\"><span aria-hidden=\"true\" class=\"wp-block-cover__background has-nv-dark-bg-background-color has-background-dim-100 has-background-dim\"><\/span><div class=\"wp-block-cover__inner-container is-layout-flow wp-block-cover-is-layout-flow\">\n<div style=\"height:140px\" aria-hidden=\"true\" class=\"wp-block-spacer\"><\/div>\n\n\n\n<h2 class=\"wp-block-heading has-text-align-center has-nv-text-dark-bg-color has-text-color\">Poj\u010fme dop\u0159\u00e1t va\u0161\u00edm motor\u016fm to nejlep\u0161\u00ed.<\/h2>\n\n\n\n<p class=\"has-text-align-center\">M\u00e1te-li jak\u00e9koliv ot\u00e1zky, tak n\u00e1s kontaktuje a spole\u010dn\u011b najdeme vhodn\u00e1 \u0159e\u0161en\u00ed.<\/p>\n\n\n\n<div class=\"wp-block-buttons is-horizontal is-content-justification-center is-layout-flex wp-container-core-buttons-is-layout-499968f5 wp-block-buttons-is-layout-flex\">\n<div class=\"wp-block-button is-style-primary\"><a class=\"wp-block-button__link wp-element-button\" href=\"https:\/\/www.radexbrusirna.cz\/?page_id=75\">Kontakty<\/a><\/div>\n<\/div>\n\n\n\n<div style=\"height:140px\" aria-hidden=\"true\" class=\"wp-block-spacer\"><\/div>\n<\/div><\/div>\n","protected":false},"excerpt":{"rendered":"<p>Rozum\u00edme v\u00e1m Spln\u011bn\u00ed po\u017eadavk\u016f z\u00e1kazn\u00edka je pro n\u00e1s prioritou. 30 let praxe V\u00e1\u0161 motor je u n\u00e1s ve spr\u00e1vn\u00fdch rukou. Motory v\u0161ech druh\u016f Zvl\u00e1dneme v\u0161echny motory od motorek a\u017e po n\u00e1kladn\u00ed auta.<\/p>\n","protected":false},"author":1,"featured_media":0,"parent":0,"menu_order":0,"comment_status":"closed","ping_status":"closed","template":"","meta":{"inline_featured_image":false,"neve_meta_sidebar":"default","neve_meta_container":"default","neve_meta_enable_content_width":"on","neve_meta_content_width":100,"neve_meta_title_alignment":"","neve_meta_author_avatar":"","neve_post_elements_order":"","neve_meta_disable_header":"","neve_meta_disable_footer":"","neve_meta_disable_title":"on","_themeisle_gutenberg_block_has_review":false,"_ti_tpc_template_sync":false,"_ti_tpc_template_id":"5udqur826ojgsxrmsxsc","footnotes":""},"class_list":["post-308","page","type-page","status-publish","hentry"],"_links":{"self":[{"href":"https:\/\/www.radexbrusirna.cz\/index.php?rest_route=\/wp\/v2\/pages\/308","targetHints":{"allow":["GET"]}}],"collection":[{"href":"https:\/\/www.radexbrusirna.cz\/index.php?rest_route=\/wp\/v2\/pages"}],"about":[{"href":"https:\/\/www.radexbrusirna.cz\/index.php?rest_route=\/wp\/v2\/types\/page"}],"author":[{"embeddable":true,"href":"https:\/\/www.radexbrusirna.cz\/index.php?rest_route=\/wp\/v2\/users\/1"}],"replies":[{"embeddable":true,"href":"https:\/\/www.radexbrusirna.cz\/index.php?rest_route=%2Fwp%2Fv2%2Fcomments&post=308"}],"version-history":[{"count":18,"href":"https:\/\/www.radexbrusirna.cz\/index.php?rest_route=\/wp\/v2\/pages\/308\/revisions"}],"predecessor-version":[{"id":451,"href":"https:\/\/www.radexbrusirna.cz\/index.php?rest_route=\/wp\/v2\/pages\/308\/revisions\/451"}],"wp:attachment":[{"href":"https:\/\/www.radexbrusirna.cz\/index.php?rest_route=%2Fwp%2Fv2%2Fmedia&parent=308"}],"curies":[{"name":"wp","href":"https:\/\/api.w.org\/{rel}","templated":true}]}}