{"id":61,"date":"2020-01-23T18:21:52","date_gmt":"2020-01-23T18:21:52","guid":{"rendered":"https:\/\/demosites.io\/web-agency-gb\/?page_id=61"},"modified":"2023-07-10T13:16:08","modified_gmt":"2023-07-10T13:16:08","slug":"15c42-web-agency-gb-about-us","status":"publish","type":"page","link":"https:\/\/www.radexbrusirna.cz\/?page_id=61","title":{"rendered":"O n\u00e1s"},"content":{"rendered":"\n<div class=\"wp-block-cover alignfull\" style=\"min-height:600px;aspect-ratio:unset;\"><span aria-hidden=\"true\" class=\"wp-block-cover__background has-nv-light-bg-background-color has-background-dim-100 has-background-dim\"><\/span><div class=\"wp-block-cover__inner-container is-layout-flow wp-block-cover-is-layout-flow\">\n<div class=\"wp-block-group\"><div class=\"wp-block-group__inner-container is-layout-flow wp-block-group-is-layout-flow\">\n<div style=\"height:25px\" aria-hidden=\"true\" class=\"wp-block-spacer\"><\/div>\n\n\n\n<div class=\"wp-block-columns are-vertically-aligned-center has-neve-text-color-color has-text-color is-layout-flex wp-container-core-columns-is-layout-9d6595d7 wp-block-columns-is-layout-flex\">\n<div class=\"wp-block-column is-vertically-aligned-center is-layout-flow wp-block-column-is-layout-flow\" style=\"flex-basis:50%\">\n<figure class=\"wp-block-image size-large\"><img loading=\"lazy\" decoding=\"async\" width=\"683\" height=\"1024\" src=\"https:\/\/www.radexbrusirna.cz\/wp-content\/uploads\/2023\/06\/maly-motor-683x1024.jpg\" alt=\"\" class=\"wp-image-452\" srcset=\"https:\/\/www.radexbrusirna.cz\/wp-content\/uploads\/2023\/06\/maly-motor-683x1024.jpg 683w, https:\/\/www.radexbrusirna.cz\/wp-content\/uploads\/2023\/06\/maly-motor-200x300.jpg 200w, https:\/\/www.radexbrusirna.cz\/wp-content\/uploads\/2023\/06\/maly-motor-768x1152.jpg 768w, https:\/\/www.radexbrusirna.cz\/wp-content\/uploads\/2023\/06\/maly-motor-1024x1536.jpg 1024w, https:\/\/www.radexbrusirna.cz\/wp-content\/uploads\/2023\/06\/maly-motor-1365x2048.jpg 1365w, https:\/\/www.radexbrusirna.cz\/wp-content\/uploads\/2023\/06\/maly-motor-scaled.jpg 1707w\" sizes=\"auto, (max-width: 683px) 100vw, 683px\" \/><\/figure>\n<\/div>\n\n\n\n<div class=\"wp-block-column is-vertically-aligned-center is-layout-flow wp-block-column-is-layout-flow\" style=\"flex-basis:50%\">\n<h2 class=\"wp-block-heading has-neve-text-color-color has-text-color\">N\u00e1\u0161 p\u0159\u00edb\u011bh<\/h2>\n\n\n\n<p class=\"has-neve-text-color-color has-text-color\">Automobily byly na\u0161\u00ed srdcovou z\u00e1le\u017eitost\u00ed ji\u017e od \u00fatl\u00e9ho v\u011bku. Proto jsme se jednoho dne rozhodli d\u00e1t sbohem na\u0161im tehdej\u0161\u00edm zam\u011bstn\u00e1n\u00edm a spojili jsme p\u0159\u00edjemn\u00e9 s\u00a0u\u017eite\u010dn\u00fdm. A tak se zrodil Radex. \u00a0<\/p>\n\n\n\n<p>Jejich gener\u00e1ln\u00ed oprava je pro n\u00e1s hra\u010dkou, stejn\u011b jako v\u00fdbrus v\u00e1lc\u016f, brou\u0161en\u00ed klikov\u00fdch h\u0159\u00eddel\u00ed \u010di v\u00fdroba p\u00edst\u016f a spousty dal\u0161\u00edho. P\u0159esv\u011bd\u010dit se o tom m\u016f\u017eete sami, kdy\u017e k&nbsp;n\u00e1m osobn\u011b zav\u00edt\u00e1te. R\u00e1di v\u00e1s sezn\u00e1m\u00edme se v\u0161emi mo\u017enostmi a navrhneme cenov\u011b p\u0159ijateln\u00e9 a hlavn\u011b spolehliv\u00e9 \u0159e\u0161en\u00ed, se kter\u00fdm budete spokojeni vy i v\u00e1\u0161 v\u016fz. &nbsp;&nbsp;&nbsp;&nbsp;&nbsp;&nbsp;<\/p>\n\n\n\n<p><\/p>\n<\/div>\n<\/div>\n<\/div><\/div>\n<\/div><\/div>\n","protected":false},"excerpt":{"rendered":"","protected":false},"author":1,"featured_media":0,"parent":0,"menu_order":0,"comment_status":"closed","ping_status":"closed","template":"","meta":{"inline_featured_image":false,"neve_meta_sidebar":"default","neve_meta_container":"default","neve_meta_enable_content_width":"on","neve_meta_content_width":100,"neve_meta_title_alignment":"","neve_meta_author_avatar":"","neve_post_elements_order":"","neve_meta_disable_header":"","neve_meta_disable_footer":"","neve_meta_disable_title":"off","_themeisle_gutenberg_block_has_review":false,"_ti_tpc_template_sync":false,"_ti_tpc_template_id":"eex7gnweb2m8vo93cr1g","footnotes":""},"class_list":["post-61","page","type-page","status-publish","hentry"],"_links":{"self":[{"href":"https:\/\/www.radexbrusirna.cz\/index.php?rest_route=\/wp\/v2\/pages\/61","targetHints":{"allow":["GET"]}}],"collection":[{"href":"https:\/\/www.radexbrusirna.cz\/index.php?rest_route=\/wp\/v2\/pages"}],"about":[{"href":"https:\/\/www.radexbrusirna.cz\/index.php?rest_route=\/wp\/v2\/types\/page"}],"author":[{"embeddable":true,"href":"https:\/\/www.radexbrusirna.cz\/index.php?rest_route=\/wp\/v2\/users\/1"}],"replies":[{"embeddable":true,"href":"https:\/\/www.radexbrusirna.cz\/index.php?rest_route=%2Fwp%2Fv2%2Fcomments&post=61"}],"version-history":[{"count":9,"href":"https:\/\/www.radexbrusirna.cz\/index.php?rest_route=\/wp\/v2\/pages\/61\/revisions"}],"predecessor-version":[{"id":458,"href":"https:\/\/www.radexbrusirna.cz\/index.php?rest_route=\/wp\/v2\/pages\/61\/revisions\/458"}],"wp:attachment":[{"href":"https:\/\/www.radexbrusirna.cz\/index.php?rest_route=%2Fwp%2Fv2%2Fmedia&parent=61"}],"curies":[{"name":"wp","href":"https:\/\/api.w.org\/{rel}","templated":true}]}}